{"id":25,"date":"2025-11-02T12:55:26","date_gmt":"2025-11-02T12:55:26","guid":{"rendered":"http:\/\/ekftrop.cluster121.hosting.ovh.net\/?page_id=25"},"modified":"2026-03-30T15:48:03","modified_gmt":"2026-03-30T15:48:03","slug":"qui-suis-je","status":"publish","type":"page","link":"https:\/\/myriamthoumieux.fr\/index.php\/qui-suis-je\/","title":{"rendered":"Mieux me connaitre"},"content":{"rendered":"\n<p><\/p>\n\n\n\n<h2 class=\"wp-block-heading\">Mon parcours, mon approche<\/h2>\n\n\n\n<div class=\"wp-block-media-text is-stacked-on-mobile has-background\" style=\"background-color:#faf3d0;grid-template-columns:37% auto\"><figure class=\"wp-block-media-text__media\"><img loading=\"lazy\" decoding=\"async\" width=\"768\" height=\"1024\" src=\"http:\/\/myriamthoumieux.fr\/wp-content\/uploads\/2025\/11\/20220915_085842-768x1024.jpg\" alt=\"\" class=\"wp-image-46 size-full\" srcset=\"https:\/\/myriamthoumieux.fr\/wp-content\/uploads\/2025\/11\/20220915_085842-768x1024.jpg 768w, https:\/\/myriamthoumieux.fr\/wp-content\/uploads\/2025\/11\/20220915_085842-225x300.jpg 225w, https:\/\/myriamthoumieux.fr\/wp-content\/uploads\/2025\/11\/20220915_085842-1152x1536.jpg 1152w, https:\/\/myriamthoumieux.fr\/wp-content\/uploads\/2025\/11\/20220915_085842-1536x2048.jpg 1536w, https:\/\/myriamthoumieux.fr\/wp-content\/uploads\/2025\/11\/20220915_085842-scaled.jpg 1920w\" sizes=\"auto, (max-width: 768px) 100vw, 768px\" \/><\/figure><div class=\"wp-block-media-text__content\">\n<p class=\"has-secondary-color has-text-color has-link-color has-large-font-size wp-elements-344a0453ed01fa81cc364a14e65d9f52\"><em>Marcher un moment \u00e0 vos c\u00f4t\u00e9s<\/em><\/p>\n<\/div><\/div>\n\n\n\n<h2 class=\"wp-block-heading\">Mon parcours, ma philosophie<\/h2>\n\n\n\n<h3 class=\"wp-block-heading has-text-color has-link-color wp-elements-5f25425d9e15d31f7688eca683835986\" style=\"color:#9c471d\">Un chemin riche de plus de 30 ans<\/h3>\n\n\n\n<p class=\"has-medium-font-size\">Avec plus de trois d\u00e9cennies d\u2019exp\u00e9rience, je me consacre pleinement \u00e0 une vocation qui me passionne : accompagner chaque personne sur son chemin vers le mieux-\u00eatre. Ce choix est n\u00e9 d\u2019un profond amour pour l\u2019humain, ainsi que d\u2019une curiosit\u00e9 sinc\u00e8re pour la compr\u00e9hension des m\u00e9canismes du cerveau et du fonctionnement unique de chacun.<\/p>\n\n\n\n<p class=\"has-medium-font-size\">Mon parcours a d\u00e9but\u00e9 par une formation cart\u00e9sienne, que j\u2019ai enrichie au fil des ann\u00e9es gr\u00e2ce \u00e0 des approches compl\u00e9mentaires telles que l\u2019EFT&nbsp;(technique de lib\u00e9ration \u00e9motionnelle), la sophrologie, la psychog\u00e9n\u00e9alogie,&nbsp;et bien d\u2019autres outils de d\u00e9veloppement personnel. Cette diversit\u00e9 me permet d\u2019adapter mon accompagnement aux besoins sp\u00e9cifiques de chaque individu.<\/p>\n\n\n\n<h3 class=\"wp-block-heading has-text-color has-link-color wp-elements-be105653ff1ff492dc093046c23ee655\" style=\"color:#9c471d\">Une approche humaine et globale<\/h3>\n\n\n\n<p class=\"has-medium-font-size\">Ce qui me guide avant tout dans mon travail, c\u2019est la qualit\u00e9 de la relation, l\u2019\u00e9coute attentive et le respect du chemin personnel de chacun. <\/p>\n\n\n\n<p>Chaque personne poss\u00e8de en elle des ressources pr\u00e9cieuses pour \u00e9voluer. Mon r\u00f4le consiste simplement \u00e0 vous aider \u00e0 les retrouver et \u00e0 les mobiliser,  en d\u00e9nouant les blocages du quotidien, en d\u00e9cortiquant ce qui freine, et en faisant un pas de c\u00f4t\u00e9 afin d&rsquo;ouvrir une nouvelle perspective .<\/p>\n\n\n\n<p class=\"has-medium-font-size\">Mon credo est clair : chaque individu est unique et m\u00e9rite un accompagnement sur mesure pour r\u00e9v\u00e9ler sa propre lumi\u00e8re. J\u2019\u00e9coute avec le c\u0153ur et ajuste mes outils afin de vous guider vers un mieux-\u00eatre durable et une clart\u00e9 int\u00e9rieure renouvel\u00e9e.<\/p>\n\n\n\n<div class=\"wp-block-buttons is-content-justification-center is-layout-flex wp-container-core-buttons-is-layout-a89b3969 wp-block-buttons-is-layout-flex\">\n<div class=\"wp-block-button is-style-fill\"><a class=\"wp-block-button__link wp-element-button\" href=\"https:\/\/myriamthoumieux.fr\/index.php\/accompagnements\/\">Dans quelles situations puis-je vous accompagner ?<\/a><\/div>\n<\/div>\n\n\n\n<h3 class=\"wp-block-heading has-text-color has-link-color wp-elements-3f9569095c5cac0cce1f0c1c67f9f93a\" style=\"color:#9c471d\">Un engagement aupr\u00e8s des jeunes<br><\/h3>\n\n\n\n<p class=\"has-medium-font-size\">Depuis plus de dix ans, j\u2019exerce \u00e9galement en tant qu\u2019\u00e9ducatrice dans un coll\u00e8ge. Cette exp\u00e9rience m\u2019a permis de d\u00e9velopper un accompagnement sp\u00e9cifique pour les enfants et adolescents. Mon objectif est de les soutenir dans leur \u00e9panouissement, d\u2019am\u00e9liorer leurs relations familiales et sociales, et de les aider \u00e0 traverser les \u00e9tapes parfois complexes de leur croissance avec plus de s\u00e9r\u00e9nit\u00e9.<\/p>\n\n\n\n<p class=\"has-medium-font-size\">Je travaille aussi en collaboration avec les familles, notamment lors de p\u00e9riodes de crise ou de tensions relationnelles, comme celles li\u00e9es \u00e0 l\u2019adolescence. Mon approche bienveillante vise \u00e0 restaurer le dialogue, apaiser les conflits et renforcer les liens.<\/p>\n\n\n\n<div class=\"wp-block-buttons is-content-justification-center is-layout-flex wp-container-core-buttons-is-layout-a89b3969 wp-block-buttons-is-layout-flex\">\n<div class=\"wp-block-button is-style-fill\"><a class=\"wp-block-button__link wp-element-button\" href=\"https:\/\/myriamthoumieux.fr\/index.php\/tarifs\/\">Je d\u00e9couvre l&rsquo;accompagnement des jeunes<\/a><\/div>\n<\/div>\n\n\n\n<h2 class=\"wp-block-heading has-text-align-left\">Une conviction profonde<\/h2>\n\n\n\n<p class=\"has-text-align-left has-medium-font-size\"><br>Mon accompagnement repose sur une \u00e9coute sinc\u00e8re, une bienveillance constante et la conviction que chaque passage de vie peut devenir une opportunit\u00e9 de transformation et de meilleure connaissance de soi.<\/p>\n\n\n\n<p class=\"has-medium-font-size\">Je crois fermement que chaque personne est unique. Ainsi, je ne propose jamais de m\u00e9thodes toutes faites. Votre parcours, votre histoire et vos besoins personnels guident toujours la mani\u00e8re dont je vous accompagne.<\/p>\n\n\n\n<h3 class=\"wp-block-heading has-text-color has-link-color wp-elements-9b36954c1cee6658e77c024bac27cb72\" id=\"we-re-a-studio-in-berlin-with-an-international-practice-in-architecture-urban-planning-and-interior-design-we-believe-in-sharing-knowledge-and-promoting-dialogue-to-increase-the-creative-potential-of-collaboration\" style=\"color:#9c471d\"><strong>Bienveillance et non-jugement<\/strong><\/h3>\n\n\n\n<p class=\"has-medium-font-size\">Je m\u2019efforce de cr\u00e9er un espace s\u00fbr o\u00f9 vous pouvez vous exprimer librement, sans crainte d\u2019\u00eatre jug\u00e9(e).<\/p>\n\n\n\n<p class=\"has-medium-font-size\"><\/p>\n\n\n\n<h3 class=\"wp-block-heading has-text-color has-link-color wp-elements-d09436d50b4570c821856374d77a50ed\" style=\"color:#9c471d\"><strong>Responsabilisation<\/strong><\/h3>\n\n\n\n<p class=\"has-medium-font-size\">Mon r\u00f4le n\u2019est pas de faire \u00e0 votre place, mais de vous fournir les outils n\u00e9cessaires pour devenir acteur(trice) de votre propre changement.<\/p>\n\n\n\n<h3 class=\"wp-block-heading has-text-color has-link-color wp-elements-cc22d78f9fc7e26afeda2cb323613e81\" style=\"color:#9c471d\"><strong>D\u00e9marche int\u00e9grative<\/strong><\/h3>\n\n\n\n<p class=\"has-medium-font-size\">Je consid\u00e8re toujours la personne dans toutes ses dimensions : physique, \u00e9motionnelle, mentale et spirituelle.<\/p>\n\n\n\n<p>Mon accompagnement est avant tout une rencontre humaine, un espace de respect, d\u2019\u00e9coute et de transformation.<\/p>\n\n\n\n<p><\/p>\n\n\n\n<p class=\"has-text-align-center has-secondary-color has-text-color has-link-color has-large-font-size wp-elements-0fbce5c61275744e8a6cfc92e9532f1a\">\u00ab\u00a0Ce que tu traverses aujourd&rsquo;hui pr\u00e9pare la personne que tu es en train de devenir\u00a0\u00bb<\/p>\n\n\n\n<div class=\"wp-block-buttons is-content-justification-center is-layout-flex wp-container-core-buttons-is-layout-a89b3969 wp-block-buttons-is-layout-flex\">\n<div class=\"wp-block-button has-custom-width wp-block-button__width-50 is-style-fill\"><a class=\"wp-block-button__link has-medium-font-size has-text-align-center has-custom-font-size wp-element-button\" href=\"https:\/\/myriamthoumieux.fr\/index.php\/contact\/\">Je me lance<\/a><\/div>\n<\/div>\n\n\n\n<p><\/p>\n","protected":false},"excerpt":{"rendered":"<p>Mon parcours, mon approche Marcher un moment \u00e0 vos c\u00f4t\u00e9s Mon parcours, ma philosophie Un chemin riche de plus de 30 ans Avec plus de trois d\u00e9cennies d\u2019exp\u00e9rience, je me consacre pleinement \u00e0 une vocation qui me passionne : accompagner chaque personne sur son chemin vers le mieux-\u00eatre. Ce choix est n\u00e9 d\u2019un profond amour [&hellip;]<\/p>\n","protected":false},"author":1,"featured_media":0,"parent":0,"menu_order":0,"comment_status":"closed","ping_status":"closed","template":"","meta":{"om_disable_all_campaigns":false,"_uag_custom_page_level_css":"","_monsterinsights_skip_tracking":false,"_monsterinsights_sitenote_active":false,"_monsterinsights_sitenote_note":"","_monsterinsights_sitenote_category":0,"_uf_show_specific_survey":0,"_uf_disable_surveys":false,"footnotes":""},"class_list":["post-25","page","type-page","status-publish","hentry"],"aioseo_notices":[],"uagb_featured_image_src":{"full":false,"thumbnail":false,"medium":false,"medium_large":false,"large":false,"1536x1536":false,"2048x2048":false},"uagb_author_info":{"display_name":"admin7367","author_link":"https:\/\/myriamthoumieux.fr\/index.php\/author\/admin7367\/"},"uagb_comment_info":0,"uagb_excerpt":"Mon parcours, mon approche Marcher un moment \u00e0 vos c\u00f4t\u00e9s Mon parcours, ma philosophie Un chemin riche de plus de 30 ans Avec plus de trois d\u00e9cennies d\u2019exp\u00e9rience, je me consacre pleinement \u00e0 une vocation qui me passionne : accompagner chaque personne sur son chemin vers le mieux-\u00eatre. Ce choix est n\u00e9 d\u2019un profond amour\u2026","_links":{"self":[{"href":"https:\/\/myriamthoumieux.fr\/index.php\/wp-json\/wp\/v2\/pages\/25","targetHints":{"allow":["GET"]}}],"collection":[{"href":"https:\/\/myriamthoumieux.fr\/index.php\/wp-json\/wp\/v2\/pages"}],"about":[{"href":"https:\/\/myriamthoumieux.fr\/index.php\/wp-json\/wp\/v2\/types\/page"}],"author":[{"embeddable":true,"href":"https:\/\/myriamthoumieux.fr\/index.php\/wp-json\/wp\/v2\/users\/1"}],"replies":[{"embeddable":true,"href":"https:\/\/myriamthoumieux.fr\/index.php\/wp-json\/wp\/v2\/comments?post=25"}],"version-history":[{"count":33,"href":"https:\/\/myriamthoumieux.fr\/index.php\/wp-json\/wp\/v2\/pages\/25\/revisions"}],"predecessor-version":[{"id":847,"href":"https:\/\/myriamthoumieux.fr\/index.php\/wp-json\/wp\/v2\/pages\/25\/revisions\/847"}],"wp:attachment":[{"href":"https:\/\/myriamthoumieux.fr\/index.php\/wp-json\/wp\/v2\/media?parent=25"}],"curies":[{"name":"wp","href":"https:\/\/api.w.org\/{rel}","templated":true}]}}