{"id":29,"date":"2025-11-02T13:08:34","date_gmt":"2025-11-02T13:08:34","guid":{"rendered":"http:\/\/ekftrop.cluster121.hosting.ovh.net\/?page_id=29"},"modified":"2026-03-30T11:12:20","modified_gmt":"2026-03-30T11:12:20","slug":"accompagnements","status":"publish","type":"page","link":"https:\/\/myriamthoumieux.fr\/index.php\/accompagnements\/","title":{"rendered":"Accompagnement global : une approche personnalis\u00e9e et bienveillante"},"content":{"rendered":"\n<div class=\"wp-block-uagb-container uagb-block-eed33b2a alignfull uagb-is-root-container\"><div class=\"uagb-container-inner-blocks-wrap\">\n<div class=\"wp-block-uagb-container uagb-block-4d3afd2d\">\n<figure class=\"wp-block-image size-large\"><img loading=\"lazy\" decoding=\"async\" width=\"771\" height=\"1024\" src=\"http:\/\/myriamthoumieux.fr\/wp-content\/uploads\/2026\/03\/1774004792267-771x1024.jpg\" alt=\"\" class=\"wp-image-393\" srcset=\"https:\/\/myriamthoumieux.fr\/wp-content\/uploads\/2026\/03\/1774004792267-771x1024.jpg 771w, https:\/\/myriamthoumieux.fr\/wp-content\/uploads\/2026\/03\/1774004792267-226x300.jpg 226w, https:\/\/myriamthoumieux.fr\/wp-content\/uploads\/2026\/03\/1774004792267-768x1020.jpg 768w, https:\/\/myriamthoumieux.fr\/wp-content\/uploads\/2026\/03\/1774004792267-1157x1536.jpg 1157w, https:\/\/myriamthoumieux.fr\/wp-content\/uploads\/2026\/03\/1774004792267-1542x2048.jpg 1542w, https:\/\/myriamthoumieux.fr\/wp-content\/uploads\/2026\/03\/1774004792267-scaled.jpg 1928w\" sizes=\"auto, (max-width: 771px) 100vw, 771px\" \/><\/figure>\n<\/div>\n\n\n\n<div class=\"wp-block-uagb-container uagb-block-fa52eefc\">\n<figure class=\"wp-block-image size-large is-resized\"><img loading=\"lazy\" decoding=\"async\" width=\"1024\" height=\"771\" src=\"http:\/\/myriamthoumieux.fr\/wp-content\/uploads\/2026\/03\/plaque-pro-1024x771.jpg\" alt=\"\" class=\"wp-image-247\" style=\"aspect-ratio:1.3281607402786442;width:385px;height:auto\" srcset=\"https:\/\/myriamthoumieux.fr\/wp-content\/uploads\/2026\/03\/plaque-pro-1024x771.jpg 1024w, https:\/\/myriamthoumieux.fr\/wp-content\/uploads\/2026\/03\/plaque-pro-300x226.jpg 300w, https:\/\/myriamthoumieux.fr\/wp-content\/uploads\/2026\/03\/plaque-pro-768x578.jpg 768w, https:\/\/myriamthoumieux.fr\/wp-content\/uploads\/2026\/03\/plaque-pro-1536x1156.jpg 1536w, https:\/\/myriamthoumieux.fr\/wp-content\/uploads\/2026\/03\/plaque-pro-2048x1542.jpg 2048w\" sizes=\"auto, (max-width: 1024px) 100vw, 1024px\" \/><\/figure>\n<\/div>\n\n\n\n<div class=\"wp-block-uagb-container uagb-block-5b41cccb\">\n<p class=\"has-secondary-color has-text-color has-link-color has-large-font-size wp-elements-4607d3dc0ba1e4763187ff9008c8dec8\"><em>\u00ab\u00a0Saisir, apaiser, transformer\u00a0\u00bb<\/em><\/p>\n<\/div>\n\n\n\n<div class=\"wp-block-uagb-container uagb-block-633e0a9b\">\n<figure class=\"wp-block-image size-large\"><img loading=\"lazy\" decoding=\"async\" width=\"771\" height=\"1024\" src=\"http:\/\/myriamthoumieux.fr\/wp-content\/uploads\/2026\/03\/1774004792273-771x1024.jpg\" alt=\"\" class=\"wp-image-392\" srcset=\"https:\/\/myriamthoumieux.fr\/wp-content\/uploads\/2026\/03\/1774004792273-771x1024.jpg 771w, https:\/\/myriamthoumieux.fr\/wp-content\/uploads\/2026\/03\/1774004792273-226x300.jpg 226w, https:\/\/myriamthoumieux.fr\/wp-content\/uploads\/2026\/03\/1774004792273-768x1020.jpg 768w, https:\/\/myriamthoumieux.fr\/wp-content\/uploads\/2026\/03\/1774004792273-1157x1536.jpg 1157w, https:\/\/myriamthoumieux.fr\/wp-content\/uploads\/2026\/03\/1774004792273-1542x2048.jpg 1542w, https:\/\/myriamthoumieux.fr\/wp-content\/uploads\/2026\/03\/1774004792273-scaled.jpg 1928w\" sizes=\"auto, (max-width: 771px) 100vw, 771px\" \/><\/figure>\n<\/div>\n<\/div><\/div>\n\n\n\n<h3 class=\"wp-block-heading has-text-align-center\"><strong>Lib\u00e9rez votre potentiel cach\u00e9 gr\u00e2ce \u00e0 une \u00e9coute et un soutien sur mesure<\/strong><\/h3>\n\n\n\n<p style=\"font-style:normal;font-weight:400\">Imaginez votre vie comme un grand fleuve qui coule paisiblement. Parfois, ce fleuve rencontre des rapides, des rochers ou des virages inattendus. Ces moments o\u00f9 le courant change brusquement, o\u00f9 l\u2019eau se trouble, peuvent \u00eatre compar\u00e9s \u00e0 ce qu\u2019on appelle des \u00ab\u00a0<strong>transitions de vie<\/strong>\u00ab\u00a0.<\/p>\n\n\n\n<p>Que ce soit un <strong>changement <\/strong>de travail, une <strong>s\u00e9paration<\/strong>, l\u2019arriv\u00e9e d\u2019un enfant, un d\u00e9m\u00e9nagement, ou ce sentiment intime de ne plus se reconna\u00eetre, ces passages peuvent nous d\u00e9stabiliser profond\u00e9ment. On se sent parfois perdu, comme si le paysage familier s\u2019effa\u00e7ait pour laisser place \u00e0 un horizon nouveau, parfois inconnu, parfois un peu effrayant.<\/p>\n\n\n\n<p>Ce qui fait la sp\u00e9cificit\u00e9 de mon accompagnement, c\u2019est ma capacit\u00e9 \u00e0 d\u00e9nouer ces n\u0153uds invisibles qui freinent ce fleuve int\u00e9rieur. Souvent, ce sont des \u00e9motions enfouies, des croyances ancr\u00e9es, un peu comme des racines sous l\u2019eau qui emp\u00eachent le courant de circuler librement. M\u00eame si elles restent invisibles, elles influencent profond\u00e9ment votre mani\u00e8re de vivre ces changements.<\/p>\n\n\n\n<p>Mon approche commence par une \u00e9coute attentive de votre fonctionnement unique : votre cerveau, votre mani\u00e8re de penser, de ressentir, votre fa\u00e7on d\u2019\u00eatre au monde. Certaines personnes ont un esprit tr\u00e8s logique, d\u2019autres sont sensibles aux \u00e9motions, d\u2019autres encore vivent par images ou sensations. En respectant cette singularit\u00e9, je vous accompagne pour prendre un pas de c\u00f4t\u00e9, un chemin de traverse qui vous offre un nouveau regard.<\/p>\n\n\n\n<p>Ce regard neuf permet souvent de r\u00e9v\u00e9ler un sens cach\u00e9 \u00e0 ce que vous traversez, de comprendre pourquoi certains blocages persistent, et surtout, de trouver des solutions qui vous ressemblent. C\u2019est un peu comme si, en changeant de perspective, votre fleuve retrouvait son cours naturel, plus fluide et apais\u00e9.<\/p>\n\n\n\n<h3 class=\"wp-block-heading\">Une approche globale et sur mesure<br><\/h3>\n\n\n\n<p>J&rsquo;accompagne avec douceur et bienveillance des personnes qui vivent ces passages essentiels. Mon approche est globale, singuli\u00e8re, toujours respectueuse de votre rythme et de votre histoire.<\/p>\n\n\n\n<p>Ensemble, nous cheminons pour :<\/p>\n\n\n\n<ul class=\"wp-block-list\">\n<li>Comprendre ce qui se joue en vous au del\u00e0 des apparences<\/li>\n\n\n\n<li>Accueillir, reconna\u00eetre et apaiser vos \u00e9motions<\/li>\n\n\n\n<li>Mettre en lumi\u00e8re et lib\u00e9rer les sch\u00e9mas r\u00e9p\u00e9titifs, parfois h\u00e9rit\u00e9s<\/li>\n\n\n\n<li>Retrouver clart\u00e9, \u00e9nergie, confiance et s\u00e9r\u00e9nit\u00e9 int\u00e9rieure<\/li>\n<\/ul>\n\n\n\n<h3 class=\"wp-block-heading\">A qui s&rsquo;adresse cet accompagnement ?<\/h3>\n\n\n\n<p>L&rsquo;accompagnement s&rsquo;adresse aux adultes qui :<\/p>\n\n\n\n<ul class=\"wp-block-list\">\n<li>Traversent une p\u00e9riode difficile<\/li>\n\n\n\n<li>Ressentent du stress ou de l&rsquo;anxi\u00e9t\u00e9<\/li>\n\n\n\n<li>Souhaitent mieux se comprendre<\/li>\n\n\n\n<li>Veulent retrouver confiance en eux<\/li>\n\n\n\n<li>Cherchent un accompagnement bienveillant<\/li>\n<\/ul>\n\n\n\n<h2 class=\"wp-block-heading\">Probl\u00e9matiques accompagn\u00e9es<\/h2>\n\n\n\n<ul class=\"wp-block-list\">\n<li>Stress<\/li>\n\n\n\n<li>Anxi\u00e9t\u00e9<\/li>\n\n\n\n<li>Emotions<\/li>\n\n\n\n<li>Fatigue<\/li>\n\n\n\n<li>Manque de confiance<\/li>\n\n\n\n<li>P\u00e9riodes de transition<\/li>\n\n\n\n<li>Sch\u00e9mas r\u00e9p\u00e9titifs<\/li>\n\n\n\n<li>Difficult\u00e9s personnelles.<\/li>\n<\/ul>\n\n\n\n<h3 class=\"wp-block-heading\">Premier pas ensemble<br><\/h3>\n\n\n\n<p>Lors de notre premi\u00e8re rencontre, en pr\u00e9sentiel (\u00e0 domicile ou au p\u00f4le sant\u00e9 de Saint Sulpice) ou en visioconf\u00e9rence, je prends le temps d\u2019\u00e9couter votre histoire, vos attentes et vos besoins. Ce moment d\u2019\u00e9change, sans engagement, est pr\u00e9cieux pour construire un accompagnement respectueux de qui vous \u00eates.<\/p>\n\n\n\n<p>Nous d\u00e9cidons ensuite de la possibilit\u00e9 d&rsquo;une nouvelle rencontre et des outils que nous emploierons. <\/p>\n\n\n\n<p>Les rendez-vous durent environ une heure<\/p>\n\n\n\n<h2 class=\"wp-block-heading\">Les approches utilis\u00e9es<\/h2>\n\n\n\n<p>Chaque accompagnement est unique, construit sur mesure avec des outils adapt\u00e9s \u00e0 vos besoins : <\/p>\n\n\n\n<ul class=\"wp-block-list\">\n<li><strong>Sophrologie <\/strong>: pour retrouver un calme int\u00e9rieur, mieux g\u00e9rer le stress et apaiser les tensions du corps et de l\u2019esprit<\/li>\n\n\n\n<li><strong>Psychog\u00e9n\u00e9alogie <\/strong>: pour explorer les liens entre votre histoire personnelle et familiale, et comprendre les r\u00e9p\u00e9titions qui influencent votre vie<\/li>\n\n\n\n<li><strong>EFT <\/strong>: technique douce qui aide \u00e0 lib\u00e9rer les \u00e9motions difficiles et \u00e0 all\u00e9ger le poids des souvenirs douloureux&nbsp;<\/li>\n\n\n\n<li><strong>Respiration consciente et travail corporel<\/strong> : outil simple et puissant pour rel\u00e2cher les tensions et revenir \u00e0 soi, ici et maintenant<\/li>\n<\/ul>\n\n\n\n<h2 class=\"wp-block-heading\">Les bienfaits attendus<\/h2>\n\n\n\n<p>L\u2019accompagnement que je propose est bien plus qu\u2019un simple soutien : c\u2019est un v\u00e9ritable chemin vers l\u2019<strong>apaisement<\/strong> et la <strong>s\u00e9r\u00e9nit\u00e9 int\u00e9rieure<\/strong>. Chaque rencontre est une invitation \u00e0 la <strong>compr\u00e9hension profonde de soi<\/strong>, \u00e0 la construction d\u2019une <strong>confiance <\/strong>solide et \u00e0 l\u2019\u00e9panouissement du <strong>mieux-\u00eatre<\/strong>. Ensemble, nous cr\u00e9ons un espace bienveillant o\u00f9 vous pouvez vous sentir entendu, soutenu et encourag\u00e9 \u00e0 avancer avec douceur et assurance. Mon engagement est de vous accompagner avec chaleur et authenticit\u00e9, pour que chaque pas que vous faites soit source de lumi\u00e8re et de paix int\u00e9rieure.<\/p>\n\n\n\n<p><\/p>\n\n\n\n<p>Si vous ressentez que c\u2019est le bon moment pour emprunter une autre voie, je serai heureuse de vous accompagner sur ce chemin, pour transformer l\u2019\u00e9preuve en une ouverture vers de nouvelles possibilit\u00e9s.<\/p>\n\n\n\n<div class=\"wp-block-buttons is-content-justification-center is-layout-flex wp-container-core-buttons-is-layout-a89b3969 wp-block-buttons-is-layout-flex\">\n<div class=\"wp-block-button is-style-fill\"><a class=\"wp-block-button__link has-medium-font-size has-custom-font-size wp-element-button\" href=\"https:\/\/myriamthoumieux.fr\/index.php\/contact\/\">Commencez votre chemin vers la s\u00e9r\u00e9nit\u00e9<\/a><\/div>\n<\/div>\n\n\n\n<p><\/p>\n","protected":false},"excerpt":{"rendered":"<p>\u00ab\u00a0Saisir, apaiser, transformer\u00a0\u00bb Lib\u00e9rez votre potentiel cach\u00e9 gr\u00e2ce \u00e0 une \u00e9coute et un soutien sur mesure Imaginez votre vie comme un grand fleuve qui coule paisiblement. Parfois, ce fleuve rencontre des rapides, des rochers ou des virages inattendus. Ces moments o\u00f9 le courant change brusquement, o\u00f9 l\u2019eau se trouble, peuvent \u00eatre compar\u00e9s \u00e0 ce qu\u2019on [&hellip;]<\/p>\n","protected":false},"author":1,"featured_media":0,"parent":0,"menu_order":0,"comment_status":"closed","ping_status":"closed","template":"","meta":{"om_disable_all_campaigns":false,"_uag_custom_page_level_css":"","_monsterinsights_skip_tracking":false,"_monsterinsights_sitenote_active":false,"_monsterinsights_sitenote_note":"","_monsterinsights_sitenote_category":0,"_uf_show_specific_survey":0,"_uf_disable_surveys":false,"footnotes":""},"class_list":["post-29","page","type-page","status-publish","hentry"],"aioseo_notices":[],"uagb_featured_image_src":{"full":false,"thumbnail":false,"medium":false,"medium_large":false,"large":false,"1536x1536":false,"2048x2048":false},"uagb_author_info":{"display_name":"admin7367","author_link":"https:\/\/myriamthoumieux.fr\/index.php\/author\/admin7367\/"},"uagb_comment_info":0,"uagb_excerpt":"\u00ab\u00a0Saisir, apaiser, transformer\u00a0\u00bb Lib\u00e9rez votre potentiel cach\u00e9 gr\u00e2ce \u00e0 une \u00e9coute et un soutien sur mesure Imaginez votre vie comme un grand fleuve qui coule paisiblement. Parfois, ce fleuve rencontre des rapides, des rochers ou des virages inattendus. Ces moments o\u00f9 le courant change brusquement, o\u00f9 l\u2019eau se trouble, peuvent \u00eatre compar\u00e9s \u00e0 ce qu\u2019on\u2026","_links":{"self":[{"href":"https:\/\/myriamthoumieux.fr\/index.php\/wp-json\/wp\/v2\/pages\/29","targetHints":{"allow":["GET"]}}],"collection":[{"href":"https:\/\/myriamthoumieux.fr\/index.php\/wp-json\/wp\/v2\/pages"}],"about":[{"href":"https:\/\/myriamthoumieux.fr\/index.php\/wp-json\/wp\/v2\/types\/page"}],"author":[{"embeddable":true,"href":"https:\/\/myriamthoumieux.fr\/index.php\/wp-json\/wp\/v2\/users\/1"}],"replies":[{"embeddable":true,"href":"https:\/\/myriamthoumieux.fr\/index.php\/wp-json\/wp\/v2\/comments?post=29"}],"version-history":[{"count":64,"href":"https:\/\/myriamthoumieux.fr\/index.php\/wp-json\/wp\/v2\/pages\/29\/revisions"}],"predecessor-version":[{"id":818,"href":"https:\/\/myriamthoumieux.fr\/index.php\/wp-json\/wp\/v2\/pages\/29\/revisions\/818"}],"wp:attachment":[{"href":"https:\/\/myriamthoumieux.fr\/index.php\/wp-json\/wp\/v2\/media?parent=29"}],"curies":[{"name":"wp","href":"https:\/\/api.w.org\/{rel}","templated":true}]}}