{"id":34,"date":"2025-11-02T13:10:47","date_gmt":"2025-11-02T13:10:47","guid":{"rendered":"http:\/\/ekftrop.cluster121.hosting.ovh.net\/?page_id=34"},"modified":"2026-03-30T15:24:56","modified_gmt":"2026-03-30T15:24:56","slug":"contact","status":"publish","type":"page","link":"https:\/\/myriamthoumieux.fr\/index.php\/contact\/","title":{"rendered":"Contact : \u00e9changeons ensemble"},"content":{"rendered":"\n<p><\/p>\n\n\n\n<div class=\"wp-block-media-text is-stacked-on-mobile has-background\" style=\"background-color:#faf3d0\"><figure class=\"wp-block-media-text__media\"><img loading=\"lazy\" decoding=\"async\" width=\"640\" height=\"590\" src=\"http:\/\/myriamthoumieux.fr\/wp-content\/uploads\/2026\/03\/53e4eba1e7bcad943fdcc6a50141b941-1.jpg\" alt=\"\" class=\"wp-image-295 size-full\" srcset=\"https:\/\/myriamthoumieux.fr\/wp-content\/uploads\/2026\/03\/53e4eba1e7bcad943fdcc6a50141b941-1.jpg 640w, https:\/\/myriamthoumieux.fr\/wp-content\/uploads\/2026\/03\/53e4eba1e7bcad943fdcc6a50141b941-1-300x277.jpg 300w\" sizes=\"auto, (max-width: 640px) 100vw, 640px\" \/><\/figure><div class=\"wp-block-media-text__content\">\n<p class=\"has-secondary-color has-text-color has-link-color has-large-font-size wp-elements-01216e4ea8664c0d947c8018b91e82a8\"><em>Oser et faire le premier pas&#8230;<\/em><\/p>\n<\/div><\/div>\n\n\n\n<p class=\"has-medium-font-size\">Je re\u00e7ois les adultes enfants et adolescents. Je peux vous accueillir au p\u00f4le sant\u00e9 de Saint Sulpice la pointe, venir directement \u00e0 votre domicile, ou \u00e9changer en visio.<\/p>\n\n\n\n<p class=\"has-medium-font-size\">Tel : 06 64 54 88 07<\/p>\n\n\n\n<p class=\"has-medium-font-size\">myriamthoumieux.fr<\/p>\n\n\n\n<p>Si vous souhaitez un <strong>rendez-vous rapide<\/strong>, \u00e0 moins de 7 jours, vous pouvez r\u00e9server un cr\u00e9neau quand vous voulez, et je vous recontacterai pour qu\u2019on d\u00e9cide ensemble du meilleur endroit pour notre rencontre : chez vous, en visioconf\u00e9rence, ou au cabinet, au p\u00f4le sant\u00e9 de ST Sulpice&nbsp;. L\u2019essentiel, c\u2019est que ce soit simple et confortable pour tout le monde.<\/p>\n\n\n\n<p><code><iframe src=\"https:\/\/myriamthoumieux.fr\/wp-json\/ssa\/v1\/embed-inner?integration&type&label&types&edit&view&payment_provider&ssa_locale=fr_FR&ssa_is_rtl&sid=62799c862559c847de7dd4941cd9900e46104bf3&availability_start_date&availability_end_date&suggest_first_available&suggest_first_available_within_minutes&flow&fallback_flow&time_view&date_view&appointment_types_view&version&accent_color&background&padding&font&booking_url=https%3A%2F%2Fmyriamthoumieux.fr%2Findex.php%2Fcontact%2F&booking_post_id=34&booking_title=Contact+%3A+%C3%A9changeons+ensemble&_wpnonce=a48528b9be&redirect_post_id&mepr_membership_id#\/\" height=\"400px\" width=\"100%\" name=\"ssa_booking\" loading=\"eager\" frameborder=\"0\" data-skip-lazy=\"1\" class=\"ssa_booking_iframe skip-lazy\" title=\"R\u00e9servez une heure\"><\/iframe><\/code><\/p>\n\n\n\n<p><\/p>\n\n\n\n<p class=\"has-medium-font-size\">Vous pouvez aussi, si vous pr\u00e9f\u00e9rez, remplir le <strong>formulaire <\/strong>et je me ferai un plaisir de vous offrir 15 minutes d&rsquo;entretien pour r\u00e9pondre \u00e0 vos questions.<\/p>\n\n\n\n<p class=\"has-medium-font-size\"><\/p>\n\n\n<div class=\"wpforms-container wpforms-block wpforms-block-7a9a71c1-c663-48c1-b9c2-d64039b9a101 wpforms-render-modern\" id=\"wpforms-261\"><form id=\"wpforms-form-261\" class=\"wpforms-validate wpforms-form wpforms-ajax-form\" data-formid=\"261\" method=\"post\" enctype=\"multipart\/form-data\" action=\"\/index.php\/wp-json\/wp\/v2\/pages\/34\" data-token=\"b8e2c29fc138fe3068d1884ae1681b4f\" data-token-time=\"1776771922\"><noscript class=\"wpforms-error-noscript\">Veuillez activer JavaScript dans votre navigateur pour remplir ce formulaire.<\/noscript><div id=\"wpforms-error-noscript\" style=\"display: none;\">Veuillez activer JavaScript dans votre navigateur pour remplir ce formulaire.<\/div><div class=\"wpforms-field-container\"><div id=\"wpforms-261-field_1-container\" class=\"wpforms-field wpforms-field-name\" data-field-id=\"1\"><fieldset><legend class=\"wpforms-field-label\">Nom pr\u00e9nom<\/legend><div class=\"wpforms-field-row wpforms-field-medium\"><div class=\"wpforms-field-row-block wpforms-first wpforms-one-half\"><input type=\"text\" id=\"wpforms-261-field_1\" class=\"wpforms-field-name-first\" name=\"wpforms[fields][1][first]\" aria-errormessage=\"wpforms-261-field_1-error\" ><label for=\"wpforms-261-field_1\" class=\"wpforms-field-sublabel after\">Pr\u00e9nom<\/label><\/div><div class=\"wpforms-field-row-block wpforms-one-half\"><input type=\"text\" id=\"wpforms-261-field_1-last\" class=\"wpforms-field-name-last\" name=\"wpforms[fields][1][last]\" aria-errormessage=\"wpforms-261-field_1-last-error\" ><label for=\"wpforms-261-field_1-last\" class=\"wpforms-field-sublabel after\">Nom<\/label><\/div><\/div><\/fieldset><\/div>\t\t<div id=\"wpforms-261-field_4-container\"\n\t\t\tclass=\"wpforms-field wpforms-field-text\"\n\t\t\tdata-field-type=\"text\"\n\t\t\tdata-field-id=\"4\"\n\t\t\t>\n\t\t\t<label class=\"wpforms-field-label\" for=\"wpforms-261-field_4\" >pr\u00e9nom ou commentaire<\/label>\n\t\t\t<input type=\"text\" id=\"wpforms-261-field_4\" class=\"wpforms-field-medium\" name=\"wpforms[fields][4]\" >\n\t\t<\/div>\n\t\t<div id=\"wpforms-261-field_2-container\" class=\"wpforms-field wpforms-field-email\" data-field-id=\"2\"><label class=\"wpforms-field-label\" for=\"wpforms-261-field_2\">E-mail<\/label><input type=\"email\" id=\"wpforms-261-field_2\" class=\"wpforms-field-medium\" name=\"wpforms[fields][2]\" spellcheck=\"false\" aria-errormessage=\"wpforms-261-field_2-error\" ><\/div><div id=\"wpforms-261-field_3-container\" class=\"wpforms-field wpforms-field-textarea\" data-field-id=\"3\"><label class=\"wpforms-field-label\" for=\"wpforms-261-field_3\">Message ou commentaire<\/label><textarea id=\"wpforms-261-field_3\" class=\"wpforms-field-medium\" name=\"wpforms[fields][3]\" aria-errormessage=\"wpforms-261-field_3-error\" ><\/textarea><\/div><script>\n\t\t\t\t( function() {\n\t\t\t\t\tconst style = document.createElement( 'style' );\n\t\t\t\t\tstyle.appendChild( document.createTextNode( '#wpforms-261-field_4-container { position: absolute !important; overflow: hidden !important; display: inline !important; height: 1px !important; width: 1px !important; z-index: -1000 !important; padding: 0 !important; } #wpforms-261-field_4-container input { visibility: hidden; } #wpforms-conversational-form-page #wpforms-261-field_4-container label { counter-increment: none; }' ) );\n\t\t\t\t\tdocument.head.appendChild( style );\n\t\t\t\t\tdocument.currentScript?.remove();\n\t\t\t\t} )();\n\t\t\t<\/script><\/div><!-- .wpforms-field-container --><div class=\"wpforms-submit-container\" ><input type=\"hidden\" name=\"wpforms[id]\" value=\"261\"><input type=\"hidden\" name=\"page_title\" value=\"\"><input type=\"hidden\" name=\"page_url\" value=\"https:\/\/myriamthoumieux.fr\/index.php\/wp-json\/wp\/v2\/pages\/34\"><input type=\"hidden\" name=\"url_referer\" value=\"\"><button type=\"submit\" name=\"wpforms[submit]\" id=\"wpforms-submit-261\" class=\"wpforms-submit\" data-alt-text=\"Envoi...\" data-submit-text=\"Envoyer\" aria-live=\"assertive\" value=\"wpforms-submit\">Envoyer<\/button><img loading=\"lazy\" decoding=\"async\" src=\"https:\/\/myriamthoumieux.fr\/wp-content\/plugins\/wpforms-lite\/assets\/images\/submit-spin.svg\" class=\"wpforms-submit-spinner\" style=\"display: none;\" width=\"26\" height=\"26\" alt=\"Chargement en cours\"><\/div><\/form><\/div>  <!-- .wpforms-container -->\n\n\n<h1 class=\"wp-block-heading\">Localisation<\/h1>\n\n\n\n<iframe src=\"https:\/\/www.google.com\/maps\/embed?pb=!1m18!1m12!1m3!1d5762.031774254448!2d1.6758864751181939!3d43.77252904470638!2m3!1f0!2f0!3f0!3m2!1i1024!2i768!4f13.1!3m3!1m2!1s0x12ae82acf57c8ec5%3A0x8c00f5794bc8c55c!2s3%20Rue%20Marie%20Curie%2C%2081370%20Saint-Sulpice-la-Pointe!5e0!3m2!1sfr!2sfr!4v1773591726327!5m2!1sfr!2sfr\" width=\"600\" height=\"450\" style=\"border:0;\" allowfullscreen=\"\" loading=\"lazy\" referrerpolicy=\"no-referrer-when-downgrade\"><\/iframe>\n\n\n\n<h1 class=\"wp-block-heading\"><\/h1>\n\n\n\n<p><\/p>\n","protected":false},"excerpt":{"rendered":"<p>Oser et faire le premier pas&#8230; Je re\u00e7ois les adultes enfants et adolescents. Je peux vous accueillir au p\u00f4le sant\u00e9 de Saint Sulpice la pointe, venir directement \u00e0 votre domicile, ou \u00e9changer en visio. Tel : 06 64 54 88 07 myriamthoumieux.fr Si vous souhaitez un rendez-vous rapide, \u00e0 moins de 7 jours, vous pouvez [&hellip;]<\/p>\n","protected":false},"author":1,"featured_media":0,"parent":0,"menu_order":0,"comment_status":"closed","ping_status":"closed","template":"","meta":{"om_disable_all_campaigns":false,"_uag_custom_page_level_css":"","_monsterinsights_skip_tracking":false,"_monsterinsights_sitenote_active":false,"_monsterinsights_sitenote_note":"","_monsterinsights_sitenote_category":0,"_uf_show_specific_survey":0,"_uf_disable_surveys":false,"footnotes":""},"class_list":["post-34","page","type-page","status-publish","hentry"],"aioseo_notices":[],"uagb_featured_image_src":{"full":false,"thumbnail":false,"medium":false,"medium_large":false,"large":false,"1536x1536":false,"2048x2048":false},"uagb_author_info":{"display_name":"admin7367","author_link":"https:\/\/myriamthoumieux.fr\/index.php\/author\/admin7367\/"},"uagb_comment_info":0,"uagb_excerpt":"Oser et faire le premier pas&#8230; Je re\u00e7ois les adultes enfants et adolescents. Je peux vous accueillir au p\u00f4le sant\u00e9 de Saint Sulpice la pointe, venir directement \u00e0 votre domicile, ou \u00e9changer en visio. Tel : 06 64 54 88 07 myriamthoumieux.fr Si vous souhaitez un rendez-vous rapide, \u00e0 moins de 7 jours, vous pouvez\u2026","_links":{"self":[{"href":"https:\/\/myriamthoumieux.fr\/index.php\/wp-json\/wp\/v2\/pages\/34","targetHints":{"allow":["GET"]}}],"collection":[{"href":"https:\/\/myriamthoumieux.fr\/index.php\/wp-json\/wp\/v2\/pages"}],"about":[{"href":"https:\/\/myriamthoumieux.fr\/index.php\/wp-json\/wp\/v2\/types\/page"}],"author":[{"embeddable":true,"href":"https:\/\/myriamthoumieux.fr\/index.php\/wp-json\/wp\/v2\/users\/1"}],"replies":[{"embeddable":true,"href":"https:\/\/myriamthoumieux.fr\/index.php\/wp-json\/wp\/v2\/comments?post=34"}],"version-history":[{"count":30,"href":"https:\/\/myriamthoumieux.fr\/index.php\/wp-json\/wp\/v2\/pages\/34\/revisions"}],"predecessor-version":[{"id":835,"href":"https:\/\/myriamthoumieux.fr\/index.php\/wp-json\/wp\/v2\/pages\/34\/revisions\/835"}],"wp:attachment":[{"href":"https:\/\/myriamthoumieux.fr\/index.php\/wp-json\/wp\/v2\/media?parent=34"}],"curies":[{"name":"wp","href":"https:\/\/api.w.org\/{rel}","templated":true}]}}