{"id":380,"date":"2026-03-20T10:51:16","date_gmt":"2026-03-20T10:51:16","guid":{"rendered":"https:\/\/myriamthoumieux.fr\/?page_id=380"},"modified":"2026-03-30T09:45:11","modified_gmt":"2026-03-30T09:45:11","slug":"tarifs-2","status":"publish","type":"page","link":"https:\/\/myriamthoumieux.fr\/index.php\/tarifs-2\/","title":{"rendered":"Tarifs des consultations."},"content":{"rendered":"\n<div class=\"wp-block-media-text is-stacked-on-mobile has-background\" style=\"background-color:#faf3d0\"><figure class=\"wp-block-media-text__media\"><img loading=\"lazy\" decoding=\"async\" width=\"1024\" height=\"1024\" src=\"http:\/\/myriamthoumieux.fr\/wp-content\/uploads\/2026\/03\/ai-generated-8737287_1280-1024x1024.png\" alt=\"\" class=\"wp-image-775 size-full\" srcset=\"https:\/\/myriamthoumieux.fr\/wp-content\/uploads\/2026\/03\/ai-generated-8737287_1280-1024x1024.png 1024w, https:\/\/myriamthoumieux.fr\/wp-content\/uploads\/2026\/03\/ai-generated-8737287_1280-300x300.png 300w, https:\/\/myriamthoumieux.fr\/wp-content\/uploads\/2026\/03\/ai-generated-8737287_1280-150x150.png 150w, https:\/\/myriamthoumieux.fr\/wp-content\/uploads\/2026\/03\/ai-generated-8737287_1280-768x768.png 768w, https:\/\/myriamthoumieux.fr\/wp-content\/uploads\/2026\/03\/ai-generated-8737287_1280.png 1280w\" sizes=\"auto, (max-width: 1024px) 100vw, 1024px\" \/><\/figure><div class=\"wp-block-media-text__content\">\n<p class=\"has-secondary-color has-text-color has-link-color has-large-font-size wp-elements-8872596b68bcf099e400f997de22c733\"><em>Offrez vous ce cadeau : \u00a0investissez sur votre bien-\u00eatre et votre cheminement personnel.<\/em><\/p>\n<\/div><\/div>\n\n\n\n<p class=\"has-large-font-size\">Chaque parcours est unique, c\u2019est pourquoi je propose un accompagnement personnalis\u00e9. N\u2019h\u00e9sitez pas \u00e0 me contacter pour toute question sur les tarifs ou les forfaits.<\/p>\n\n\n\n<div class=\"wp-block-group has-background is-layout-constrained wp-block-group-is-layout-constrained\" style=\"background-color:#faf3d0\">\n<div class=\"wp-block-group has-large-font-size is-layout-constrained wp-block-group-is-layout-constrained\">\n<p class=\"has-large-font-size\">Accompagnement th\u00e9rapeutique adultes : 50 \u20ac \/ s\u00e9ance 1h<\/p>\n\n\n\n<p class=\"has-large-font-size\">Sophrologie enfants et adolescents : 50 \u20ac \/ s\u00e9ance 45 min<\/p>\n\n\n\n<p class=\"has-large-font-size\">S\u00e9ance de sophrologie adulte: 50 \u20ac\/ s\u00e9ance 1h<\/p>\n\n\n\n<p class=\"has-large-font-size\">S\u00e9ance de psychog\u00e9n\u00e9alogie : 60 \u20ac \/ s\u00e9ance 1h sans recherches*<\/p>\n\n\n\n<p class=\"has-large-font-size\">S\u00e9ance de psychog\u00e9n\u00e9alogie : 80 \u20ac \/ s\u00e9ance 1h avec recherches*<\/p>\n\n\n\n<p>S\u00e9ance \u00ab\u00a0famille\u00a0\u00bb : 70 \u20ac\/ s\u00e9ance de 1h \u00e0 1h30<\/p>\n\n\n\n<p class=\"has-large-font-size\">Forfaits : sur demande<\/p>\n\n\n\n<p class=\"has-large-font-size\">Premi\u00e8re s\u00e9ance d\u00e9couverte : 40 \u20ac \/ 30 min<\/p>\n<\/div>\n<\/div>\n\n\n\n<p class=\"has-large-font-size\">Paiement possible en ch\u00e8ques, esp\u00e8ces, virements, wero et paypal.<\/p>\n\n\n\n<p class=\"has-large-font-size\">En cas de d\u00e9placement \u00e0 domicile, des frais de d\u00e9placement seront appliqu\u00e9s.<\/p>\n\n\n\n<div class=\"wp-block-buttons is-content-justification-center is-layout-flex wp-container-core-buttons-is-layout-a89b3969 wp-block-buttons-is-layout-flex\">\n<div class=\"wp-block-button is-style-fill\"><a class=\"wp-block-button__link wp-element-button\" href=\"https:\/\/myriamthoumieux.fr\/index.php\/contact\/\">C&rsquo;est parti pour un premier rendez-vous<\/a><\/div>\n<\/div>\n\n\n\n<p class=\"has-tiny-font-size\">*En psychog\u00e9n\u00e9alogie, je peux rechercher les traces de vos a\u00efeux sur diff\u00e9rents sites pour mieux comprendre votre histoire familiale. Ces recherches prennent du temps en dehors des s\u00e9ances si je les r\u00e9alise.<\/p>\n\n\n\n<p><\/p>\n","protected":false},"excerpt":{"rendered":"<p>Offrez vous ce cadeau : \u00a0investissez sur votre bien-\u00eatre et votre cheminement personnel. Chaque parcours est unique, c\u2019est pourquoi je propose un accompagnement personnalis\u00e9. N\u2019h\u00e9sitez pas \u00e0 me contacter pour toute question sur les tarifs ou les forfaits. Accompagnement th\u00e9rapeutique adultes : 50 \u20ac \/ s\u00e9ance 1h Sophrologie enfants et adolescents : 50 \u20ac \/ [&hellip;]<\/p>\n","protected":false},"author":1,"featured_media":0,"parent":0,"menu_order":0,"comment_status":"closed","ping_status":"closed","template":"","meta":{"om_disable_all_campaigns":false,"_uag_custom_page_level_css":"","_monsterinsights_skip_tracking":false,"_monsterinsights_sitenote_active":false,"_monsterinsights_sitenote_note":"","_monsterinsights_sitenote_category":0,"_uf_show_specific_survey":0,"_uf_disable_surveys":false,"footnotes":""},"class_list":["post-380","page","type-page","status-publish","hentry"],"aioseo_notices":[],"uagb_featured_image_src":{"full":false,"thumbnail":false,"medium":false,"medium_large":false,"large":false,"1536x1536":false,"2048x2048":false},"uagb_author_info":{"display_name":"admin7367","author_link":"https:\/\/myriamthoumieux.fr\/index.php\/author\/admin7367\/"},"uagb_comment_info":0,"uagb_excerpt":"Offrez vous ce cadeau : \u00a0investissez sur votre bien-\u00eatre et votre cheminement personnel. Chaque parcours est unique, c\u2019est pourquoi je propose un accompagnement personnalis\u00e9. N\u2019h\u00e9sitez pas \u00e0 me contacter pour toute question sur les tarifs ou les forfaits. Accompagnement th\u00e9rapeutique adultes : 50 \u20ac \/ s\u00e9ance 1h Sophrologie enfants et adolescents : 50 \u20ac \/\u2026","_links":{"self":[{"href":"https:\/\/myriamthoumieux.fr\/index.php\/wp-json\/wp\/v2\/pages\/380","targetHints":{"allow":["GET"]}}],"collection":[{"href":"https:\/\/myriamthoumieux.fr\/index.php\/wp-json\/wp\/v2\/pages"}],"about":[{"href":"https:\/\/myriamthoumieux.fr\/index.php\/wp-json\/wp\/v2\/types\/page"}],"author":[{"embeddable":true,"href":"https:\/\/myriamthoumieux.fr\/index.php\/wp-json\/wp\/v2\/users\/1"}],"replies":[{"embeddable":true,"href":"https:\/\/myriamthoumieux.fr\/index.php\/wp-json\/wp\/v2\/comments?post=380"}],"version-history":[{"count":15,"href":"https:\/\/myriamthoumieux.fr\/index.php\/wp-json\/wp\/v2\/pages\/380\/revisions"}],"predecessor-version":[{"id":802,"href":"https:\/\/myriamthoumieux.fr\/index.php\/wp-json\/wp\/v2\/pages\/380\/revisions\/802"}],"wp:attachment":[{"href":"https:\/\/myriamthoumieux.fr\/index.php\/wp-json\/wp\/v2\/media?parent=380"}],"curies":[{"name":"wp","href":"https:\/\/api.w.org\/{rel}","templated":true}]}}