{"id":415,"date":"2026-03-21T15:09:48","date_gmt":"2026-03-21T15:09:48","guid":{"rendered":"https:\/\/myriamthoumieux.fr\/?page_id=415"},"modified":"2026-03-30T09:17:50","modified_gmt":"2026-03-30T09:17:50","slug":"cercles-de-parole-ateliers-formations","status":"publish","type":"page","link":"https:\/\/myriamthoumieux.fr\/index.php\/cercles-de-parole-ateliers-formations\/","title":{"rendered":"Ateliers et cercles"},"content":{"rendered":"\n<div class=\"wp-block-group is-layout-constrained wp-block-group-is-layout-constrained\">\n<div class=\"wp-block-group has-background is-layout-constrained wp-block-group-is-layout-constrained\" style=\"background-color:#faf3d0\">\n<div class=\"wp-block-uagb-container uagb-block-cf37da1a alignfull uagb-is-root-container\"><div class=\"uagb-container-inner-blocks-wrap\">\n<div class=\"wp-block-media-text is-stacked-on-mobile\"><figure class=\"wp-block-media-text__media\"><img loading=\"lazy\" decoding=\"async\" width=\"756\" height=\"1024\" src=\"http:\/\/myriamthoumieux.fr\/wp-content\/uploads\/2026\/03\/pexels-polina-zimmerman-3958375-756x1024.jpg\" alt=\"\" class=\"wp-image-503 size-full\" srcset=\"https:\/\/myriamthoumieux.fr\/wp-content\/uploads\/2026\/03\/pexels-polina-zimmerman-3958375-756x1024.jpg 756w, https:\/\/myriamthoumieux.fr\/wp-content\/uploads\/2026\/03\/pexels-polina-zimmerman-3958375-222x300.jpg 222w, https:\/\/myriamthoumieux.fr\/wp-content\/uploads\/2026\/03\/pexels-polina-zimmerman-3958375-768x1040.jpg 768w, https:\/\/myriamthoumieux.fr\/wp-content\/uploads\/2026\/03\/pexels-polina-zimmerman-3958375-1134x1536.jpg 1134w, https:\/\/myriamthoumieux.fr\/wp-content\/uploads\/2026\/03\/pexels-polina-zimmerman-3958375-1512x2048.jpg 1512w, https:\/\/myriamthoumieux.fr\/wp-content\/uploads\/2026\/03\/pexels-polina-zimmerman-3958375-scaled.jpg 1891w\" sizes=\"auto, (max-width: 756px) 100vw, 756px\" \/><\/figure><div class=\"wp-block-media-text__content\">\n<p class=\"has-secondary-color has-text-color has-link-color has-large-font-size wp-elements-a96e3a11f460573b99bd3f7dab65e767\"><em>Ensemble, partageons, \u00e9coutons et grandissons<\/em><\/p>\n<\/div><\/div>\n<\/div><\/div>\n<\/div>\n\n\n\n<h2 class=\"wp-block-heading\">Participer \u00e0 un cercle de parole<\/h2>\n\n\n\n<p>Je vous invite \u00e0 rejoindre mes cercles de paroles th\u00e9matiques, des moments pr\u00e9cieux de partage et d\u2019\u00e9coute bienveillante. Ces rencontres sont pens\u00e9es comme un espace o\u00f9 chacun peut s\u2019exprimer librement, \u00e9changer ses exp\u00e9riences et ressentis autour de sujets qui nous touchent tous.<\/p>\n\n\n\n<p>Au-del\u00e0 des discussions, je vous propose des exercices doux de lib\u00e9ration \u00e9motionnelle, sp\u00e9cialement adapt\u00e9s au th\u00e8me du jour. Ces pratiques vous aideront \u00e0 rel\u00e2cher les tensions, \u00e0 vous reconnecter \u00e0 vous-m\u00eame et \u00e0 apaiser votre esprit.<\/p>\n\n\n\n<p>L\u2019essentiel est que vous repartiez de chaque cercle avec des outils concrets et faciles \u00e0 int\u00e9grer dans votre quotidien. Ces ressources vous accompagneront pour mieux g\u00e9rer vos \u00e9motions, votre stress, et vous sentir plus serein(e) face aux d\u00e9fis de la vie.<\/p>\n\n\n\n<p>Ces moments partag\u00e9s sont autant d\u2019occasions de grandir ensemble, dans la confiance et la bienveillance, pour avancer vers un mieux-\u00eatre durable.<\/p>\n\n\n\n<h2 class=\"wp-block-heading\">Ateliers<\/h2>\n<\/div>\n\n\n\n<p>&nbsp;Je propose aussi une vari\u00e9t\u00e9 d\u2019ateliers adapt\u00e9s \u00e0 chaque \u00e2ge et besoin, pour accompagner chacun dans son \u00e9panouissement.<\/p>\n\n\n\n<p>Pour les enfants, ces ateliers offrent un espace d\u2019expression libre et cr\u00e9ative, o\u00f9 ils peuvent explorer leurs \u00e9motions \u00e0 travers des activit\u00e9s artistiques et ludiques, favorisant leur confiance et leur bien-\u00eatre.<\/p>\n\n\n\n<p>Les adolescents, quant \u00e0 eux, b\u00e9n\u00e9ficient d\u2019ateliers sp\u00e9cialement con\u00e7us pour les soutenir dans leur parcours scolaire et personnel. Apprendre \u00e0 apprendre, renforcer la confiance en soi, se pr\u00e9parer aux examens\u2026 autant de th\u00e9matiques qui les aident \u00e0 mieux se conna\u00eetre et \u00e0 avancer avec s\u00e9r\u00e9nit\u00e9.<\/p>\n\n\n\n<p>Pour les adultes, les ateliers sont centr\u00e9s sur des pratiques concr\u00e8tes et bienveillantes telles que la gestion du stress, le d\u00e9veloppement de la confiance en soi ou encore la m\u00e9ditation en pleine conscience, etc. Ces moments sont pens\u00e9s pour offrir des outils efficaces \u00e0 int\u00e9grer dans le quotidien, afin de cultiver un \u00e9quilibre int\u00e9rieur durable.<\/p>\n\n\n\n<p>Enfin, j\u2019accompagne \u00e9galement les familles \u00e0 travers des ateliers de reconnexion et de renforcement des liens. Ces temps privil\u00e9gi\u00e9s visent \u00e0 restaurer le dialogue, apaiser les tensions et nourrir une relation harmonieuse entre tous les membres.<\/p>\n\n\n\n<p>Chaque atelier est con\u00e7u comme un espace chaleureux et s\u00e9curisant, o\u00f9 chacun peut grandir \u00e0 son rythme, dans le respect et la bienveillance.<\/p>\n\n\n\n<h2 class=\"wp-block-heading\">Formations<\/h2>\n\n\n\n<p>Je suis heureuse de vous annoncer que je propose prochainement des formations en d\u00e9veloppement personnel, con\u00e7ues pour vous accompagner en profondeur dans votre cheminement int\u00e9rieur. Ces formations se d\u00e9rouleront en pr\u00e9sentiel ou \u00e0 distance, selon le format choisi et vos pr\u00e9f\u00e9rences, afin de s\u2019adapter au mieux \u00e0 votre rythme et \u00e0 vos besoins.<\/p>\n\n\n\n<p>Chaque formation sera pens\u00e9e pour vous offrir des outils concrets, des techniques efficaces et un espace d\u2019\u00e9change bienveillant, pour vous aider \u00e0 mieux vous conna\u00eetre, \u00e0 d\u00e9passer vos blocages et \u00e0 cultiver un mieux-\u00eatre durable.<\/p>\n\n\n\n<p>Si vous souhaitez en savoir plus sur les th\u00e9matiques abord\u00e9es, les modalit\u00e9s ou les dates, ou si vous avez un besoin particulier auquel je n&rsquo;aurais pas encore r\u00e9fl\u00e9chi, contactez-moi. Ce sera un plaisir d\u2019\u00e9changer avec vous et de vous guider vers la formation qui vous correspond le mieux.<\/p>\n\n\n\n<div class=\"wp-block-buttons is-content-justification-center is-layout-flex wp-container-core-buttons-is-layout-a89b3969 wp-block-buttons-is-layout-flex\">\n<div class=\"wp-block-button is-style-fill\"><a class=\"wp-block-button__link has-text-align-center wp-element-button\" href=\"https:\/\/myriamthoumieux.fr\/index.php\/contact\/\">Je souhaite en savoir plus<\/a><\/div>\n<\/div>\n\n\n\n<p><\/p>\n","protected":false},"excerpt":{"rendered":"<p>Ensemble, partageons, \u00e9coutons et grandissons Participer \u00e0 un cercle de parole Je vous invite \u00e0 rejoindre mes cercles de paroles th\u00e9matiques, des moments pr\u00e9cieux de partage et d\u2019\u00e9coute bienveillante. Ces rencontres sont pens\u00e9es comme un espace o\u00f9 chacun peut s\u2019exprimer librement, \u00e9changer ses exp\u00e9riences et ressentis autour de sujets qui nous touchent tous. Au-del\u00e0 des [&hellip;]<\/p>\n","protected":false},"author":1,"featured_media":0,"parent":0,"menu_order":0,"comment_status":"closed","ping_status":"closed","template":"","meta":{"om_disable_all_campaigns":false,"_uag_custom_page_level_css":"","_monsterinsights_skip_tracking":false,"_monsterinsights_sitenote_active":false,"_monsterinsights_sitenote_note":"","_monsterinsights_sitenote_category":0,"_uf_show_specific_survey":0,"_uf_disable_surveys":false,"footnotes":""},"class_list":["post-415","page","type-page","status-publish","hentry"],"aioseo_notices":[],"uagb_featured_image_src":{"full":false,"thumbnail":false,"medium":false,"medium_large":false,"large":false,"1536x1536":false,"2048x2048":false},"uagb_author_info":{"display_name":"admin7367","author_link":"https:\/\/myriamthoumieux.fr\/index.php\/author\/admin7367\/"},"uagb_comment_info":0,"uagb_excerpt":"Ensemble, partageons, \u00e9coutons et grandissons Participer \u00e0 un cercle de parole Je vous invite \u00e0 rejoindre mes cercles de paroles th\u00e9matiques, des moments pr\u00e9cieux de partage et d\u2019\u00e9coute bienveillante. Ces rencontres sont pens\u00e9es comme un espace o\u00f9 chacun peut s\u2019exprimer librement, \u00e9changer ses exp\u00e9riences et ressentis autour de sujets qui nous touchent tous. Au-del\u00e0 des\u2026","_links":{"self":[{"href":"https:\/\/myriamthoumieux.fr\/index.php\/wp-json\/wp\/v2\/pages\/415","targetHints":{"allow":["GET"]}}],"collection":[{"href":"https:\/\/myriamthoumieux.fr\/index.php\/wp-json\/wp\/v2\/pages"}],"about":[{"href":"https:\/\/myriamthoumieux.fr\/index.php\/wp-json\/wp\/v2\/types\/page"}],"author":[{"embeddable":true,"href":"https:\/\/myriamthoumieux.fr\/index.php\/wp-json\/wp\/v2\/users\/1"}],"replies":[{"embeddable":true,"href":"https:\/\/myriamthoumieux.fr\/index.php\/wp-json\/wp\/v2\/comments?post=415"}],"version-history":[{"count":8,"href":"https:\/\/myriamthoumieux.fr\/index.php\/wp-json\/wp\/v2\/pages\/415\/revisions"}],"predecessor-version":[{"id":796,"href":"https:\/\/myriamthoumieux.fr\/index.php\/wp-json\/wp\/v2\/pages\/415\/revisions\/796"}],"wp:attachment":[{"href":"https:\/\/myriamthoumieux.fr\/index.php\/wp-json\/wp\/v2\/media?parent=415"}],"curies":[{"name":"wp","href":"https:\/\/api.w.org\/{rel}","templated":true}]}}