{"id":416,"date":"2026-03-21T13:45:49","date_gmt":"2026-03-21T13:45:49","guid":{"rendered":"https:\/\/myriamthoumieux.fr\/?page_id=416"},"modified":"2026-03-30T09:37:59","modified_gmt":"2026-03-30T09:37:59","slug":"livre-dor","status":"publish","type":"page","link":"https:\/\/myriamthoumieux.fr\/index.php\/livre-dor\/","title":{"rendered":"Livre d&rsquo;or &#8211; exp\u00e9riences partag\u00e9es par mes clients"},"content":{"rendered":"\n<div class=\"wp-block-media-text is-stacked-on-mobile has-background\" style=\"background-color:#faf3d0\"><figure class=\"wp-block-media-text__media\"><img loading=\"lazy\" decoding=\"async\" width=\"1024\" height=\"683\" src=\"http:\/\/myriamthoumieux.fr\/wp-content\/uploads\/2026\/03\/couple-home-enjoying-life-1024x683.jpg\" alt=\"\" class=\"wp-image-798 size-full\" srcset=\"https:\/\/myriamthoumieux.fr\/wp-content\/uploads\/2026\/03\/couple-home-enjoying-life-1024x683.jpg 1024w, https:\/\/myriamthoumieux.fr\/wp-content\/uploads\/2026\/03\/couple-home-enjoying-life-300x200.jpg 300w, https:\/\/myriamthoumieux.fr\/wp-content\/uploads\/2026\/03\/couple-home-enjoying-life-768x512.jpg 768w, https:\/\/myriamthoumieux.fr\/wp-content\/uploads\/2026\/03\/couple-home-enjoying-life-1536x1024.jpg 1536w, https:\/\/myriamthoumieux.fr\/wp-content\/uploads\/2026\/03\/couple-home-enjoying-life-2048x1365.jpg 2048w\" sizes=\"auto, (max-width: 1024px) 100vw, 1024px\" \/><\/figure><div class=\"wp-block-media-text__content\">\n<p class=\"has-secondary-color has-text-color has-link-color has-large-font-size wp-elements-b1f104603ddd68244c4e892fdaf0db79\"><em>Vos mots sont le reflet pr\u00e9cieux de notre chemin partag\u00e9. Merci de votre confiance et de votre bienveillance.<\/em><\/p>\n<\/div><\/div>\n\n\n\n<p>Votre exp\u00e9rience compte beaucoup pour moi. N\u2019h\u00e9sitez pas \u00e0 partager ici vos impressions et petits mots, ils r\u00e9chauffent le c\u0153ur et encouragent le chemin de chacun.<\/p>\n\n\n<div class=\"gwolle-gb\"><div class=\"gwolle-gb-messages-top-container\"><\/div>\n\t\t\t<div class=\"gwolle-gb-write-button\">\n\t\t\t\t<input type=\"button\" name=\"gwolle-gb-write-button\" class=\"button btn btn-default \" value=\"\u00c9crire un nouveau message\" aria-expanded=\"false\" \/>\n\t\t\t<\/div>\n\t\t\t<form action=\"#\" method=\"POST\" class=\"gwolle-gb-write gwolle-gb-hide gwolle-gb-float gwolle-gb-form-ajax gwolle-gb-ajax gwolle-gb-not-logged-in\">\n\t\t\t\t<h3>\u00c9crivez un nouveau message dans le livre d\u2019or<\/h3>\n\t\t\t\t<button type=\"button\" class=\"gb-notice-dismiss\">x<span class=\"screen-reader-text\">Masquer ce formulaire.<\/span><\/button>\n\t\t\t\n\t\t\t\t<input type=\"hidden\" name=\"gwolle_gb_function\" class=\"gwolle_gb_function\" value=\"add_entry\" \/><input type=\"hidden\" name=\"gwolle_gb_book_id\" class=\"gwolle_gb_book_id\" value=\"1\" \/><div class=\"gwolle_gb_626652fbdd07d80d05b08ed450feaf99\">\n\t\t\t\t<div class=\"label\"><label for=\"gwolle_gb_626652fbdd07d80d05b08ed450feaf99-1\" class=\"text-info\">Nom <span class=\"required\">*<\/span><\/label><\/div>\n\t\t\t\t<div class=\"input\"><input class=\"wp-exclude-emoji gwolle_gb_626652fbdd07d80d05b08ed450feaf99\" value=\"\" type=\"text\" id=\"gwolle_gb_626652fbdd07d80d05b08ed450feaf99-1\" name=\"gwolle_gb_626652fbdd07d80d05b08ed450feaf99\" required \/><\/div>\n\t\t\t\t<div class=\"clearBoth\">&nbsp;<\/div>\n\t\t\t<\/div><div class=\"gwolle_gb_61e399785275ee87a3f28fcdbc1575b6\">\n\t\t\t\t\t<div class=\"label\"><label for=\"gwolle_gb_61e399785275ee87a3f28fcdbc1575b6-1\" class=\"text-info\">Ville<\/label><\/div>\n\t\t\t\t\t<div class=\"input\"><input class=\"wp-exclude-emoji gwolle_gb_61e399785275ee87a3f28fcdbc1575b6\" value=\"\" type=\"text\" id=\"gwolle_gb_61e399785275ee87a3f28fcdbc1575b6-1\" name=\"gwolle_gb_61e399785275ee87a3f28fcdbc1575b6\" \/><\/div>\n\t\t\t\t\t<div class=\"clearBoth\">&nbsp;<\/div>\n\t\t\t\t<\/div><div class=\"gwolle_gb_4671c9e9e85fc5cbfff8479c94a476c4\">\n\t\t\t\t<div class=\"label\"><label for=\"gwolle_gb_4671c9e9e85fc5cbfff8479c94a476c4-1\" class=\"text-info\">E-mail <span class=\"required\">*<\/span><\/label><\/div>\n\t\t\t\t<div class=\"input\"><input class=\"gwolle_gb_4671c9e9e85fc5cbfff8479c94a476c4\" value=\"\" type=\"email\" id=\"gwolle_gb_4671c9e9e85fc5cbfff8479c94a476c4-1\" name=\"gwolle_gb_4671c9e9e85fc5cbfff8479c94a476c4\" required \/><\/div>\n\t\t\t\t<div class=\"clearBoth\">&nbsp;<\/div>\n\t\t\t<\/div><div class=\"gwolle_gb_e164aa263982b73054ed104ff1f23836\">\n\t\t\t\t<div class=\"label\"><label for=\"gwolle_gb_e164aa263982b73054ed104ff1f23836-1\" class=\"text-info\">Site web<\/label><\/div>\n\t\t\t\t<div class=\"input\"><input class=\"gwolle_gb_e164aa263982b73054ed104ff1f23836\" value=\"\" type=\"url\" id=\"gwolle_gb_e164aa263982b73054ed104ff1f23836-1\" name=\"gwolle_gb_e164aa263982b73054ed104ff1f23836\" \/><\/div>\n\t\t\t\t<div class=\"clearBoth\">&nbsp;<\/div>\n\t\t\t<\/div>\n\t\t\t<div class=\"gwolle_gb_00063eb78c3ff843ccdc32b3f1a0d18a\" style=\"display:none;overflow:hidden;\" hidden=\"true\" aria-hidden=\"true\">\n\t\t\t\t<div class=\"label\">\n\t\t\t\t\t<label for=\"gwolle_gb_00063eb78c3ff843ccdc32b3f1a0d18a-1\" class=\"text-primary\">Ne touchez pas \u00e0 ceci<\/label>\n\t\t\t\t\t<label for=\"gwolle_gb_9031ac025d4c3a72c15fa909778187b0-1\" class=\"text-primary\">Ne touchez pas \u00e0 ceci<\/label>\n\t\t\t\t<\/div>\n\t\t\t\t<div class=\"input\">\n\t\t\t\t\t<input value=\"90\" type=\"text\" id=\"gwolle_gb_00063eb78c3ff843ccdc32b3f1a0d18a-1\" name=\"gwolle_gb_00063eb78c3ff843ccdc32b3f1a0d18a\" class=\"gwolle_gb_00063eb78c3ff843ccdc32b3f1a0d18a\" style=\"transform: translateY(10000px);\" \/>\n\t\t\t\t\t<input value=\"\" type=\"text\" name=\"gwolle_gb_9031ac025d4c3a72c15fa909778187b0\" id=\"gwolle_gb_9031ac025d4c3a72c15fa909778187b0-1\" class=\"gwolle_gb_9031ac025d4c3a72c15fa909778187b0\" style=\"transform: translateY(10000px);\" \/>\n\t\t\t\t<\/div>\n\t\t\t\t<div class=\"clearBoth\"><\/div>\n\t\t\t<\/div>\n\t\t\t<div class=\"gwolle_gb_e6f0f91779f86f082bae987e6a220b6f\" style=\"display:none;overflow:hidden;\" hidden=\"true\" aria-hidden=\"true\">\n\t\t\t\t<div class=\"label\">\n\t\t\t\t\t<label for=\"gwolle_gb_e6f0f91779f86f082bae987e6a220b6f-1\" class=\"text-primary\">Ne touchez pas \u00e0 ceci<\/label>\n\t\t\t\t\t<label for=\"gwolle_gb_4df05f2fb9f917db973835ea1ea0aec9-1\" class=\"text-primary\">Ne touchez pas \u00e0 ceci<\/label>\n\t\t\t\t<\/div>\n\t\t\t\t<div class=\"input\">\n\t\t\t\t\t<input value=\"60167\" type=\"text\" id=\"gwolle_gb_e6f0f91779f86f082bae987e6a220b6f-1\" name=\"gwolle_gb_e6f0f91779f86f082bae987e6a220b6f\" class=\"gwolle_gb_e6f0f91779f86f082bae987e6a220b6f\" style=\"transform: translateY(10000px);\" \/>\n\t\t\t\t\t<input value=\"60167\" type=\"text\"id=\"gwolle_gb_4df05f2fb9f917db973835ea1ea0aec9-1\" name=\"gwolle_gb_4df05f2fb9f917db973835ea1ea0aec9\" class=\"gwolle_gb_4df05f2fb9f917db973835ea1ea0aec9\" style=\"transform: translateY(10000px);\" \/>\n\t\t\t\t<\/div>\n\t\t\t\t<div class=\"clearBoth\"><\/div>\n\t\t\t<\/div><div class=\"gwolle_gb_content\">\n\t\t\t\t<div class=\"label\"><label for=\"gwolle_gb_content-1\" class=\"text-info\">Message du livre d\u2019or <span class=\"required\">*<\/span><\/label><\/div>\n\t\t\t\t<div class=\"input\"><textarea id=\"gwolle_gb_content-1\" name=\"gwolle_gb_content\" class=\"gwolle_gb_content wp-exclude-emoji\" required ><\/textarea><\/div>\n\t\t\t\t\t<div class=\"clearBoth\">&nbsp;<\/div>\n\t\t\t\t<\/div><input type=\"hidden\" class=\"gwolle_gb_6356cef3f00cbddfddccd85f13b1ade9\" id=\"gwolle_gb_6356cef3f00cbddfddccd85f13b1ade9-1\" name=\"gwolle_gb_6356cef3f00cbddfddccd85f13b1ade9\" value=\"23145a382e\" \/>\n\t\t\t<div class=\"gwolle-gb-messages-bottom-container\"><\/div>\n\n\t\t\t<noscript><div class=\"no-js\">Avertissement\u00a0: Ce formulaire ne peut \u00eatre utilis\u00e9 que si JavaScript est activ\u00e9 dans votre navigateur.<\/div><\/noscript>\n\n\t\t\t<div class=\"gwolle_gb_submit gwolle-gb-submit\">\n\t\t\t\t<div class=\"label gwolle-gb-invisible text-muted\">&nbsp;<\/div>\n\t\t\t\t<div class=\"input\">\n\t\t\t\t\t<input type=\"submit\" name=\"gwolle_gb_submit\" class=\"gwolle_gb_submit button btn btn-primary \" value=\"Envoyer\" \/>\n\t\t\t\t\t<span class=\"gwolle_gb_submit_ajax_icon gwolle-gb-submit-ajax-icon\"><\/span>\n\t\t\t\n\t\t\t\t<\/div>\n\t\t\t\t<div class=\"clearBoth\">&nbsp;<\/div>\n\t\t\t<\/div>\n\n\t\t\t<div class=\"gwolle_gb_notice gwolle-gb-notice\">\n\t\t\t\t<br \/>\nLes champs marqu\u00e9s avec un * sont obligatoires.<br \/>\nVotre adresse e-mail ne sera pas publi\u00e9e.<br \/>\nIl se pourrait que votre message n\u2019apparaisse dans le livre d\u2019or qu\u2019apr\u00e8s que nous l\u2019ayons v\u00e9rifi\u00e9.<br \/>\nNous nous r\u00e9servons le droit de modifier, de supprimer, ou de ne pas publier les messages.<br \/>\n\n\t\t\t<\/div><\/form><div class=\"gwolle-gb-read gwolle-gb-ajax gwolle-gb-entries-list\" data-book_id=\"1\">(Pas de message)<\/div><\/div>\n\n\n\n<p><\/p>\n","protected":false},"excerpt":{"rendered":"<p>Vos mots sont le reflet pr\u00e9cieux de notre chemin partag\u00e9. Merci de votre confiance et de votre bienveillance. Votre exp\u00e9rience compte beaucoup pour moi. N\u2019h\u00e9sitez pas \u00e0 partager ici vos impressions et petits mots, ils r\u00e9chauffent le c\u0153ur et encouragent le chemin de chacun.<\/p>\n","protected":false},"author":1,"featured_media":0,"parent":0,"menu_order":0,"comment_status":"open","ping_status":"closed","template":"","meta":{"om_disable_all_campaigns":false,"_uag_custom_page_level_css":"","_monsterinsights_skip_tracking":false,"_monsterinsights_sitenote_active":false,"_monsterinsights_sitenote_note":"","_monsterinsights_sitenote_category":0,"_uf_show_specific_survey":0,"_uf_disable_surveys":false,"footnotes":""},"class_list":["post-416","page","type-page","status-publish","hentry"],"aioseo_notices":[],"uagb_featured_image_src":{"full":false,"thumbnail":false,"medium":false,"medium_large":false,"large":false,"1536x1536":false,"2048x2048":false},"uagb_author_info":{"display_name":"admin7367","author_link":"https:\/\/myriamthoumieux.fr\/index.php\/author\/admin7367\/"},"uagb_comment_info":0,"uagb_excerpt":"Vos mots sont le reflet pr\u00e9cieux de notre chemin partag\u00e9. Merci de votre confiance et de votre bienveillance. Votre exp\u00e9rience compte beaucoup pour moi. N\u2019h\u00e9sitez pas \u00e0 partager ici vos impressions et petits mots, ils r\u00e9chauffent le c\u0153ur et encouragent le chemin de chacun.","_links":{"self":[{"href":"https:\/\/myriamthoumieux.fr\/index.php\/wp-json\/wp\/v2\/pages\/416","targetHints":{"allow":["GET"]}}],"collection":[{"href":"https:\/\/myriamthoumieux.fr\/index.php\/wp-json\/wp\/v2\/pages"}],"about":[{"href":"https:\/\/myriamthoumieux.fr\/index.php\/wp-json\/wp\/v2\/types\/page"}],"author":[{"embeddable":true,"href":"https:\/\/myriamthoumieux.fr\/index.php\/wp-json\/wp\/v2\/users\/1"}],"replies":[{"embeddable":true,"href":"https:\/\/myriamthoumieux.fr\/index.php\/wp-json\/wp\/v2\/comments?post=416"}],"version-history":[{"count":6,"href":"https:\/\/myriamthoumieux.fr\/index.php\/wp-json\/wp\/v2\/pages\/416\/revisions"}],"predecessor-version":[{"id":799,"href":"https:\/\/myriamthoumieux.fr\/index.php\/wp-json\/wp\/v2\/pages\/416\/revisions\/799"}],"wp:attachment":[{"href":"https:\/\/myriamthoumieux.fr\/index.php\/wp-json\/wp\/v2\/media?parent=416"}],"curies":[{"name":"wp","href":"https:\/\/api.w.org\/{rel}","templated":true}]}}