{"id":607,"date":"2026-03-24T10:39:28","date_gmt":"2026-03-24T10:39:28","guid":{"rendered":"https:\/\/myriamthoumieux.fr\/?page_id=607"},"modified":"2026-04-01T21:05:24","modified_gmt":"2026-04-01T21:05:24","slug":"sophrologie-famille-harmonie-et-ecoute","status":"publish","type":"page","link":"https:\/\/myriamthoumieux.fr\/index.php\/sophrologie-famille-harmonie-et-ecoute\/","title":{"rendered":"Famille : Gestion des \u00c9motions et Communication Positive."},"content":{"rendered":"\n<p>Harmoniser, communiquer, soutenir.<\/p>\n\n\n\n<div class=\"wp-block-group is-layout-constrained wp-block-group-is-layout-constrained\">\n<div class=\"wp-block-uagb-container uagb-block-228791ab alignfull uagb-is-root-container\"><div class=\"uagb-container-inner-blocks-wrap\"><\/div><\/div>\n\n\n\n<div class=\"wp-block-media-text is-stacked-on-mobile has-background\" style=\"background-color:#faf3d0\"><figure class=\"wp-block-media-text__media\"><img loading=\"lazy\" decoding=\"async\" width=\"683\" height=\"1024\" src=\"http:\/\/myriamthoumieux.fr\/wp-content\/uploads\/2026\/03\/pexels-tima-miroshnichenko-4908510-1-683x1024.jpg\" alt=\"\" class=\"wp-image-609 size-full\" srcset=\"https:\/\/myriamthoumieux.fr\/wp-content\/uploads\/2026\/03\/pexels-tima-miroshnichenko-4908510-1-683x1024.jpg 683w, https:\/\/myriamthoumieux.fr\/wp-content\/uploads\/2026\/03\/pexels-tima-miroshnichenko-4908510-1-200x300.jpg 200w, https:\/\/myriamthoumieux.fr\/wp-content\/uploads\/2026\/03\/pexels-tima-miroshnichenko-4908510-1-768x1152.jpg 768w, https:\/\/myriamthoumieux.fr\/wp-content\/uploads\/2026\/03\/pexels-tima-miroshnichenko-4908510-1-1024x1536.jpg 1024w, https:\/\/myriamthoumieux.fr\/wp-content\/uploads\/2026\/03\/pexels-tima-miroshnichenko-4908510-1-1365x2048.jpg 1365w, https:\/\/myriamthoumieux.fr\/wp-content\/uploads\/2026\/03\/pexels-tima-miroshnichenko-4908510-1-scaled.jpg 1707w\" sizes=\"auto, (max-width: 683px) 100vw, 683px\" \/><\/figure><div class=\"wp-block-media-text__content\">\n<p class=\"has-secondary-color has-text-color has-link-color has-large-font-size wp-elements-b5167515d47d5acb7ea2ab8295376593\"><em>\u00catre parent, c\u2019est offrir \u00e0 un enfant des racines pour grandir et des ailes pour s\u2019envoler.&nbsp;<\/em><\/p>\n<\/div><\/div>\n<\/div>\n\n\n\n<p><\/p>\n\n\n\n<div class=\"wp-block-group is-layout-constrained wp-block-group-is-layout-constrained\">\n<h2 class=\"wp-block-heading\">S\u00e9ances Famille : Ensemble, cultivons l\u2019\u00e9coute, le respect et la s\u00e9r\u00e9nit\u00e9<\/h2>\n\n\n\n<p><\/p>\n\n\n\n<p>La vie de famille est un merveilleux voyage, mais parfois, les d\u00e9fis du quotidien peuvent cr\u00e9er des <strong>tensions <\/strong>et des <strong>incompr\u00e9hensions<\/strong>. Mes s\u00e9ances \u00ab Famille \u00bb sont con\u00e7ues pour vous offrir un espace chaleureux et s\u00e9curisant, o\u00f9 parents et enfants peuvent se retrouver, s\u2019\u00e9couter et avancer main dans la main vers plus d\u2019harmonie.<\/p>\n\n\n\n<h2 class=\"wp-block-heading\">Poser un cadre clair, juste et apaisant<\/h2>\n\n\n\n<p>Dans un climat de confiance et de respect, nous red\u00e9finissons ensemble les r\u00e8gles, les droits et les devoirs de chacun. Ce cadre pos\u00e9 avec douceur permet \u00e0 toute la famille de <strong>mieux se comprendre<\/strong>, de se sentir en s\u00e9curit\u00e9 et d\u2019\u00e9voluer dans un <strong>environnement serein<\/strong> o\u00f9 chacun sait ce qu\u2019on attend de lui.<\/p>\n\n\n\n<h2 class=\"wp-block-heading\">Une approche interactive, adapt\u00e9e et ludique<\/h2>\n\n\n\n<p>Chaque s\u00e9ance est un moment privil\u00e9gi\u00e9 d\u2019\u00e9changes sinc\u00e8res et d\u2019\u00e9coute attentive. Pour accompagner ce dialogue, je propose :<\/p>\n\n\n\n<ul class=\"wp-block-list\">\n<li>Des <strong>discussions ouvertes<\/strong>, o\u00f9 chaque voix compte et chaque \u00e9motion est accueillie avec bienveillance.<\/li>\n\n\n\n<li>Des <strong>petits exercices<\/strong> simples et ludiques, pour apprendre \u00e0 g\u00e9rer les \u00e9motions, renforcer la complicit\u00e9 et apaiser les tensions.<\/li>\n\n\n\n<li>Des <strong>techniques <\/strong>de sophrologie adapt\u00e9es \u00e0 tous les \u00e2ges, pour retrouver calme, confiance et \u00e9quilibre int\u00e9rieur.<\/li>\n<\/ul>\n\n\n\n<h2 class=\"wp-block-heading\">Pour qui ?<\/h2>\n\n\n\n<p>Que vous soyez parents d\u2019enfants ou d\u2019adolescents, ou que vous souhaitiez simplement renforcer les liens familiaux, ces s\u00e9ances sont pens\u00e9es pour vous accompagner dans les moments de doute, de changement ou simplement pour cultiver un quotidien plus harmonieux.<\/p>\n\n\n\n<h2 class=\"wp-block-heading\">Les bienfaits que vous pouvez attendre<\/h2>\n\n\n\n<ul class=\"wp-block-list\">\n<li>Un cadre familial clair, respect\u00e9 et rassurant<\/li>\n\n\n\n<li>Une communication plus fluide et authentique<\/li>\n\n\n\n<li>Une meilleure gestion des \u00e9motions et des conflits<\/li>\n\n\n\n<li>Un espace d\u2019expression libre et s\u00e9curis\u00e9 pour tous<\/li>\n\n\n\n<li>Des liens familiaux renforc\u00e9s, bas\u00e9s sur la confiance et la bienveillance<\/li>\n<\/ul>\n\n\n\n<h2 class=\"wp-block-heading\">T\u00e9moignages<\/h2>\n\n\n\n<p><em>\u00ab Ces s\u00e9ances ont transform\u00e9 notre quotidien. Nous avons appris \u00e0 mieux nous \u00e9couter et \u00e0 poser des limites avec douceur. \u00bb<\/em> Julie, 35 ans<br><em>\u00ab Mon fils se sent enfin entendu, et notre famille a retrouv\u00e9 une vraie s\u00e9r\u00e9nit\u00e9. \u00bb<\/em> Lucie 32 ans<\/p>\n\n\n\n<h2 class=\"wp-block-heading\">Pr\u00eat \u00e0 faire ce pas ensemble ?<\/h2>\n\n\n\n<p>Offrez \u00e0 votre famille ce cadeau pr\u00e9cieux : un espace d\u2019\u00e9coute, de respect et de bien-\u00eatre. Contactez-moi d\u00e8s aujourd\u2019hui pour organiser une s\u00e9ance personnalis\u00e9e, o\u00f9 chacun pourra s\u2019exprimer et grandir dans la s\u00e9r\u00e9nit\u00e9.<\/p>\n\n\n\n<div class=\"wp-block-buttons is-content-justification-center is-layout-flex wp-container-core-buttons-is-layout-a89b3969 wp-block-buttons-is-layout-flex\">\n<div class=\"wp-block-button is-style-fill\"><a class=\"wp-block-button__link wp-element-button\" href=\"https:\/\/myriamthoumieux.fr\/index.php\/contact\/\"><strong>Envie de retrouver une harmonie familiale durable ?<\/strong><\/a><\/div>\n<\/div>\n<\/div>\n\n\n\n<p><\/p>\n","protected":false},"excerpt":{"rendered":"<p>Harmoniser, communiquer, soutenir. \u00catre parent, c\u2019est offrir \u00e0 un enfant des racines pour grandir et des ailes pour s\u2019envoler.&nbsp; S\u00e9ances Famille : Ensemble, cultivons l\u2019\u00e9coute, le respect et la s\u00e9r\u00e9nit\u00e9 La vie de famille est un merveilleux voyage, mais parfois, les d\u00e9fis du quotidien peuvent cr\u00e9er des tensions et des incompr\u00e9hensions. Mes s\u00e9ances \u00ab Famille [&hellip;]<\/p>\n","protected":false},"author":1,"featured_media":0,"parent":0,"menu_order":0,"comment_status":"closed","ping_status":"closed","template":"","meta":{"om_disable_all_campaigns":false,"_uag_custom_page_level_css":"","_monsterinsights_skip_tracking":false,"_monsterinsights_sitenote_active":false,"_monsterinsights_sitenote_note":"","_monsterinsights_sitenote_category":0,"_uf_show_specific_survey":0,"_uf_disable_surveys":false,"footnotes":""},"class_list":["post-607","page","type-page","status-publish","hentry"],"aioseo_notices":[],"uagb_featured_image_src":{"full":false,"thumbnail":false,"medium":false,"medium_large":false,"large":false,"1536x1536":false,"2048x2048":false},"uagb_author_info":{"display_name":"admin7367","author_link":"https:\/\/myriamthoumieux.fr\/index.php\/author\/admin7367\/"},"uagb_comment_info":0,"uagb_excerpt":"Harmoniser, communiquer, soutenir. \u00catre parent, c\u2019est offrir \u00e0 un enfant des racines pour grandir et des ailes pour s\u2019envoler.&nbsp; S\u00e9ances Famille : Ensemble, cultivons l\u2019\u00e9coute, le respect et la s\u00e9r\u00e9nit\u00e9 La vie de famille est un merveilleux voyage, mais parfois, les d\u00e9fis du quotidien peuvent cr\u00e9er des tensions et des incompr\u00e9hensions. Mes s\u00e9ances \u00ab Famille\u2026","_links":{"self":[{"href":"https:\/\/myriamthoumieux.fr\/index.php\/wp-json\/wp\/v2\/pages\/607","targetHints":{"allow":["GET"]}}],"collection":[{"href":"https:\/\/myriamthoumieux.fr\/index.php\/wp-json\/wp\/v2\/pages"}],"about":[{"href":"https:\/\/myriamthoumieux.fr\/index.php\/wp-json\/wp\/v2\/types\/page"}],"author":[{"embeddable":true,"href":"https:\/\/myriamthoumieux.fr\/index.php\/wp-json\/wp\/v2\/users\/1"}],"replies":[{"embeddable":true,"href":"https:\/\/myriamthoumieux.fr\/index.php\/wp-json\/wp\/v2\/comments?post=607"}],"version-history":[{"count":11,"href":"https:\/\/myriamthoumieux.fr\/index.php\/wp-json\/wp\/v2\/pages\/607\/revisions"}],"predecessor-version":[{"id":864,"href":"https:\/\/myriamthoumieux.fr\/index.php\/wp-json\/wp\/v2\/pages\/607\/revisions\/864"}],"wp:attachment":[{"href":"https:\/\/myriamthoumieux.fr\/index.php\/wp-json\/wp\/v2\/media?parent=607"}],"curies":[{"name":"wp","href":"https:\/\/api.w.org\/{rel}","templated":true}]}}